{"id":4445,"date":"2022-02-25T15:29:49","date_gmt":"2022-02-25T14:29:49","guid":{"rendered":"https:\/\/www.trieste-education.it\/cookie\/"},"modified":"2025-09-01T12:30:17","modified_gmt":"2025-09-01T10:30:17","slug":"cookie","status":"publish","type":"page","link":"https:\/\/www.trieste-education.it\/sl\/cookie\/","title":{"rendered":"Pi\u0161kotki"},"content":{"rendered":"\t\t<div data-elementor-type=\"wp-page\" data-elementor-id=\"4445\" class=\"elementor elementor-4445 elementor-3131\">\n\t\t\t\t\t\t<section class=\"elementor-section elementor-top-section elementor-element elementor-element-6df50ab elementor-section-full_width elementor-section-height-default elementor-section-height-default wpr-particle-no wpr-jarallax-no wpr-parallax-no wpr-sticky-section-no wpr-equal-height-no\" data-id=\"6df50ab\" data-element_type=\"section\" data-e-type=\"section\" data-settings=\"{&quot;dotlife_ext_is_background_parallax&quot;:&quot;false&quot;,&quot;dotlife_ext_is_background_backdrop&quot;:&quot;false&quot;}\">\n\t\t\t\t\t\t<div class=\"elementor-container elementor-column-gap-default\">\n\t\t\t\t\t<div class=\"elementor-column elementor-col-100 elementor-top-column elementor-element elementor-element-73869c0\" data-id=\"73869c0\" data-element_type=\"column\" data-e-type=\"column\" data-settings=\"{&quot;dotlife_ext_link_sidemenu&quot;:&quot;false&quot;,&quot;dotlife_ext_link_fullmenu&quot;:&quot;false&quot;,&quot;dotlife_ext_link_closed_fullmenu&quot;:&quot;false&quot;,&quot;dotlife_ext_is_scrollme&quot;:&quot;false&quot;,&quot;dotlife_ext_is_smoove&quot;:&quot;false&quot;,&quot;dotlife_ext_is_parallax_mouse&quot;:&quot;false&quot;,&quot;dotlife_ext_is_infinite&quot;:&quot;false&quot;,&quot;dotlife_ext_is_fadeout_animation&quot;:&quot;false&quot;,&quot;dotlife_ext_mobile_static&quot;:&quot;false&quot;}\">\n\t\t\t<div class=\"elementor-widget-wrap elementor-element-populated\">\n\t\t\t\t\t\t<div class=\"elementor-element elementor-element-d913758 elementor-widget elementor-widget-heading\" data-id=\"d913758\" data-element_type=\"widget\" data-e-type=\"widget\" data-settings=\"{&quot;dotlife_ext_link_sidemenu&quot;:&quot;false&quot;,&quot;dotlife_ext_link_fullmenu&quot;:&quot;false&quot;,&quot;dotlife_ext_link_closed_fullmenu&quot;:&quot;false&quot;,&quot;dotlife_ext_is_scrollme&quot;:&quot;false&quot;,&quot;dotlife_ext_is_smoove&quot;:&quot;false&quot;,&quot;dotlife_ext_is_parallax_mouse&quot;:&quot;false&quot;,&quot;dotlife_ext_is_infinite&quot;:&quot;false&quot;,&quot;dotlife_ext_is_fadeout_animation&quot;:&quot;false&quot;,&quot;dotlife_ext_mobile_static&quot;:&quot;false&quot;}\" data-widget_type=\"heading.default\">\n\t\t\t\t<div class=\"elementor-widget-container\">\n\t\t\t\t\t<h1 class=\"elementor-heading-title elementor-size-default\">TRIESTE EDUCATION CLUSTER <\/h1>\t\t\t\t<\/div>\n\t\t\t\t<\/div>\n\t\t\t\t<div class=\"elementor-element elementor-element-23c561f elementor-widget elementor-widget-heading\" data-id=\"23c561f\" data-element_type=\"widget\" data-e-type=\"widget\" data-settings=\"{&quot;dotlife_ext_link_sidemenu&quot;:&quot;false&quot;,&quot;dotlife_ext_link_fullmenu&quot;:&quot;false&quot;,&quot;dotlife_ext_link_closed_fullmenu&quot;:&quot;false&quot;,&quot;dotlife_ext_is_scrollme&quot;:&quot;false&quot;,&quot;dotlife_ext_is_smoove&quot;:&quot;false&quot;,&quot;dotlife_ext_is_parallax_mouse&quot;:&quot;false&quot;,&quot;dotlife_ext_is_infinite&quot;:&quot;false&quot;,&quot;dotlife_ext_is_fadeout_animation&quot;:&quot;false&quot;,&quot;dotlife_ext_mobile_static&quot;:&quot;false&quot;}\" data-widget_type=\"heading.default\">\n\t\t\t\t<div class=\"elementor-widget-container\">\n\t\t\t\t\t<h2 class=\"elementor-heading-title elementor-size-default\">POLITIKA PI\u0160KOTKOV<\/h2>\t\t\t\t<\/div>\n\t\t\t\t<\/div>\n\t\t\t\t\t<\/div>\n\t\t<\/div>\n\t\t\t\t\t<\/div>\n\t\t<\/section>\n\t\t\t\t<section class=\"elementor-section elementor-top-section elementor-element elementor-element-a3911f1 elementor-section-boxed elementor-section-height-default elementor-section-height-default wpr-particle-no wpr-jarallax-no wpr-parallax-no wpr-sticky-section-no wpr-equal-height-no\" data-id=\"a3911f1\" data-element_type=\"section\" data-e-type=\"section\" data-settings=\"{&quot;dotlife_ext_is_background_parallax&quot;:&quot;false&quot;,&quot;dotlife_ext_is_background_backdrop&quot;:&quot;false&quot;}\">\n\t\t\t\t\t\t<div class=\"elementor-container elementor-column-gap-default\">\n\t\t\t\t\t<div class=\"elementor-column elementor-col-100 elementor-top-column elementor-element elementor-element-8cc0496\" data-id=\"8cc0496\" data-element_type=\"column\" data-e-type=\"column\" data-settings=\"{&quot;dotlife_ext_link_sidemenu&quot;:&quot;false&quot;,&quot;dotlife_ext_link_fullmenu&quot;:&quot;false&quot;,&quot;dotlife_ext_link_closed_fullmenu&quot;:&quot;false&quot;,&quot;dotlife_ext_is_scrollme&quot;:&quot;false&quot;,&quot;dotlife_ext_is_smoove&quot;:&quot;false&quot;,&quot;dotlife_ext_is_parallax_mouse&quot;:&quot;false&quot;,&quot;dotlife_ext_is_infinite&quot;:&quot;false&quot;,&quot;dotlife_ext_is_fadeout_animation&quot;:&quot;false&quot;,&quot;dotlife_ext_mobile_static&quot;:&quot;false&quot;}\">\n\t\t\t<div class=\"elementor-widget-wrap elementor-element-populated\">\n\t\t\t\t\t\t<div class=\"elementor-element elementor-element-d5fd79f elementor-widget elementor-widget-text-editor\" data-id=\"d5fd79f\" data-element_type=\"widget\" data-e-type=\"widget\" data-settings=\"{&quot;dotlife_ext_link_sidemenu&quot;:&quot;false&quot;,&quot;dotlife_ext_link_fullmenu&quot;:&quot;false&quot;,&quot;dotlife_ext_link_closed_fullmenu&quot;:&quot;false&quot;,&quot;dotlife_ext_is_scrollme&quot;:&quot;false&quot;,&quot;dotlife_ext_is_smoove&quot;:&quot;false&quot;,&quot;dotlife_ext_is_parallax_mouse&quot;:&quot;false&quot;,&quot;dotlife_ext_is_infinite&quot;:&quot;false&quot;,&quot;dotlife_ext_is_fadeout_animation&quot;:&quot;false&quot;,&quot;dotlife_ext_mobile_static&quot;:&quot;false&quot;}\" data-widget_type=\"text-editor.default\">\n\t\t\t\t<div class=\"elementor-widget-container\">\n\t\t\t\t\t\t\t\t\t<p>Ta informativni izpisek opisuje politiko pi\u0161kotkov, ki se izvaja na tem spletnem mestu, in vsebuje podrobnosti o pi\u0161kotkih, ki jih spletno mesto uporablja. Te informacije se lahko s\u010dasoma spremenijo, najnovej\u0161a razli\u010dica pa je na voljo na tej strani.<\/p><p>Kot ve\u010dina spletnih strani tudi to spletno mesto uporablja pi\u0161kotke. Pi\u0161kotki so datoteke, ki vsebujejo majhne koli\u010dine besedila in se prenesejo, ko obi\u0161\u010dete spletno mesto. Pi\u0161kotki omogo\u010dajo u\u010dinkovito krmarjenje med stranmi, shranjevanje nastavitev in splo\u0161no bolj\u0161e krmarjenje po spletnem mestu. Ve\u010d informacij o pi\u0161kotkih: <a href=\"http:\/\/it.wikipedia.org\/wiki\/Cookie\" target=\"_blank\" rel=\"noopener\">http:\/\/sl.wikipedia.org\/wiki\/Cookie<\/a>.<\/p><h3>Vrste pi\u0161kotkov<\/h3><p>Informacijski poobla\u0161\u010denec deli pi\u0161kotke v razli\u010dne kategorije glede na to, kako se uporabljajo in kdo jih dolo\u010da.<\/p><h4>Nujno potrebni (tehni\u010dni) pi\u0161kotki<\/h4><p>To so pi\u0161kotki, ki so potrebni za krmarjenje ali zagotavljanje storitve, ki jo zahteva uporabnik. Ne uporabljajo se za druge namene in jih obi\u010dajno namesti neposredno lastnik spletnega mesta.<br>Da citiramo varuha za varstvo osebnih podatkov<\/p><blockquote><p><em>Nujno potrebni (tehni\u010dni) pi\u0161kotki so tisti, ki se uporabljajo izklju\u010dno za &#8220;izvajanje prenosa sporo\u010dila na elektronskem komunikacijskem omre\u017eju ali v obsegu, ki je nujno potreben, da ponudnik informacijskih storitev zagotovi storitev, ki jo naro\u010dnik ali uporabnik izrecno zahteva&#8221;.<\/em><\/p><\/blockquote><h4>Pi\u0161kotki za profiliranje<\/h4><p>To so pi\u0161kotki, ki se uporabljajo za sledenje brskanju uporabnika po spletu in ustvarjanje profilov o njegovih okusih, navadah, izbirah itd. Ti pi\u0161kotki omogo\u010dajo prikazovanje oglasov, ki so povezani z uporabnikom in njegovimi interesi.<br>\u0160e enkrat citiramo varuha:<\/p><blockquote><p><em>Pi\u0161kotki za profiliranje so namenjeni ustvarjanju profilov uporabnika in se uporabljajo za po\u0161iljanje oglasnih sporo\u010dil v skladu z izbirami, ki jih je uporabnik izrazil med brskanjem po spletu. Evropska in italijanska zakonodaja dolo\u010data, da mora biti uporabnik ustrezno obve\u0161\u010den o uporabi tak\u0161nih pi\u0161kotkov in v zvezi s tem izraziti svojo veljavno privolitev, saj lahko tak\u0161ne datoteke \u0161e posebej posegajo v zasebnost uporabnikov.<\/em><\/p><\/blockquote><p>Pi\u0161kotke lahko delimo tudi na lastne pi\u0161kotke in pi\u0161kotke tretjih oseb, odvisno od tega, kdo jih nastavi.<\/p><h4>Lastni pi\u0161kotki<\/h4><p>Lastne pi\u0161kotke nastavi domena spletnega mesta, ki je navedena v naslovni vrstici.<\/p><h4>Pi\u0161kotki tretjih oseb<\/h4><p>Pi\u0161kotki tretjih oseb so pi\u0161kotki, ki jih nastavi spletna stran, druga\u010dna od tiste, po kateri trenutno krmarite. Spletno mesto se lahko na primer poslu\u017euje storitev zunanjega podjetja, ki za analizo podatkov nastavi svoj pi\u0161kotek. Spletno mesto, ki ga obiskujete, lahko vsebuje tudi vdelano vsebino, na primer YouTube ali Flickr, in ta spletna mesta lahko ustvarijo svoje pi\u0161kotke.<\/p><h3>Pi\u0161kotki, nastavljeni na tem spletnem mestu<\/h3>\t\t\t\t\t\t\t\t<\/div>\n\t\t\t\t<\/div>\n\t\t\t\t\t<\/div>\n\t\t<\/div>\n\t\t\t\t\t<\/div>\n\t\t<\/section>\n\t\t\t\t<section class=\"elementor-section elementor-top-section elementor-element elementor-element-845cd14 elementor-section-boxed elementor-section-height-default elementor-section-height-default wpr-particle-no wpr-jarallax-no wpr-parallax-no wpr-sticky-section-no wpr-equal-height-no\" data-id=\"845cd14\" data-element_type=\"section\" data-e-type=\"section\" data-settings=\"{&quot;dotlife_ext_is_background_parallax&quot;:&quot;false&quot;,&quot;dotlife_ext_is_background_backdrop&quot;:&quot;false&quot;}\">\n\t\t\t\t\t\t<div class=\"elementor-container elementor-column-gap-default\">\n\t\t\t\t\t<div class=\"elementor-column elementor-col-100 elementor-top-column elementor-element elementor-element-ecc2edd\" data-id=\"ecc2edd\" data-element_type=\"column\" data-e-type=\"column\" data-settings=\"{&quot;dotlife_ext_link_sidemenu&quot;:&quot;false&quot;,&quot;dotlife_ext_link_fullmenu&quot;:&quot;false&quot;,&quot;dotlife_ext_link_closed_fullmenu&quot;:&quot;false&quot;,&quot;dotlife_ext_is_scrollme&quot;:&quot;false&quot;,&quot;dotlife_ext_is_smoove&quot;:&quot;false&quot;,&quot;dotlife_ext_is_parallax_mouse&quot;:&quot;false&quot;,&quot;dotlife_ext_is_infinite&quot;:&quot;false&quot;,&quot;dotlife_ext_is_fadeout_animation&quot;:&quot;false&quot;,&quot;dotlife_ext_mobile_static&quot;:&quot;false&quot;}\">\n\t\t\t<div class=\"elementor-widget-wrap elementor-element-populated\">\n\t\t\t\t\t\t<div class=\"elementor-element elementor-element-f1408e1 elementor-widget elementor-widget-shortcode\" data-id=\"f1408e1\" data-element_type=\"widget\" data-e-type=\"widget\" data-settings=\"{&quot;dotlife_ext_link_sidemenu&quot;:&quot;false&quot;,&quot;dotlife_ext_link_fullmenu&quot;:&quot;false&quot;,&quot;dotlife_ext_link_closed_fullmenu&quot;:&quot;false&quot;,&quot;dotlife_ext_is_scrollme&quot;:&quot;false&quot;,&quot;dotlife_ext_is_smoove&quot;:&quot;false&quot;,&quot;dotlife_ext_is_parallax_mouse&quot;:&quot;false&quot;,&quot;dotlife_ext_is_infinite&quot;:&quot;false&quot;,&quot;dotlife_ext_is_fadeout_animation&quot;:&quot;false&quot;,&quot;dotlife_ext_mobile_static&quot;:&quot;false&quot;}\" data-widget_type=\"shortcode.default\">\n\t\t\t\t<div class=\"elementor-widget-container\">\n\t\t\t\t\t\t\t<div class=\"elementor-shortcode\">[wcc_category_list]<\/div>\n\t\t\t\t\t\t<\/div>\n\t\t\t\t<\/div>\n\t\t\t\t<div class=\"elementor-element elementor-element-3b3afea elementor-widget elementor-widget-text-editor\" data-id=\"3b3afea\" data-element_type=\"widget\" data-e-type=\"widget\" data-settings=\"{&quot;dotlife_ext_link_sidemenu&quot;:&quot;false&quot;,&quot;dotlife_ext_link_fullmenu&quot;:&quot;false&quot;,&quot;dotlife_ext_link_closed_fullmenu&quot;:&quot;false&quot;,&quot;dotlife_ext_is_scrollme&quot;:&quot;false&quot;,&quot;dotlife_ext_is_smoove&quot;:&quot;false&quot;,&quot;dotlife_ext_is_parallax_mouse&quot;:&quot;false&quot;,&quot;dotlife_ext_is_infinite&quot;:&quot;false&quot;,&quot;dotlife_ext_is_fadeout_animation&quot;:&quot;false&quot;,&quot;dotlife_ext_mobile_static&quot;:&quot;false&quot;}\" data-widget_type=\"text-editor.default\">\n\t\t\t\t<div class=\"elementor-widget-container\">\n\t\t\t\t\t\t\t\t\t<h4><\/h4>\n<h3>Upravljanje pi\u0161kotkov<\/h3>\nPi\u0161kotke lahko upravljate tako, da spremenite nastavitve brskalnika (ve\u010d podrobnosti najdete v naslednjem odstavku). Obi\u010dajno lahko pi\u0161kotke sprejmete, zavrnete ali zahtevate, da vas obvestimo, ko je pi\u0161kotek name\u0161\u010den. \u010ce so pi\u0161kotki zavrnjeni, ni mogo\u010de zagotoviti polne uporabnosti storitev, ki jih ponuja spletno mesto.\n\n\u010ce \u017eelite omejiti ali zavrniti pi\u0161kotke, ki so nastavljeni v va\u0161i napravi, lahko to storite v nastavitvah brskalnika s funkcijo Pomo\u010d. Obi\u0161\u010dete lahko tudi spletno mesto <a href=\"http:\/\/www.aboutcookies.org\/\" target=\"_blank\" rel=\"noopener\">www.aboutcookies.org<\/a>, ki vsebuje podrobne informacije o uporabi te funkcije v razli\u010dnih brskalnikih.\n\nInformacije o upravljanju pi\u0161kotkov v najpogosteje uporabljenih brskalnikih so na voljo tukaj:\n<ul>\n \t<li>Mozilla Firefox: <a href=\"https:\/\/support.mozilla.org\/it\/kb\/Gestione%20dei%20cookie\" target=\"_blank\" rel=\"noopener\">https:\/\/support.mozilla.org\/sl\/kb\/Gestione dei cookie<\/a><\/li>\n \t<li>Google Chrome: <a href=\"https:\/\/support.google.com\/chrome\/answer\/95647?hl=it\" target=\"_blank\" rel=\"noopener\">https:\/\/support.google.com\/chrome\/answer\/95647?hl=sl<\/a><\/li>\n \t<li>Apple Safari: <a href=\"https:\/\/support.apple.com\/sl-si\/guide\/safari\/sfri11471\/mac\" target=\"_blank\" rel=\"noopener\">https:\/\/support.apple.com\/sl-si\/guide\/safari\/sfri11471\/mac<\/a><\/li>\n \t<li>Internet Explorer: <a href=\"http:\/\/windows.microsoft.com\/it-it\/internet-explorer\/delete-manage-cookies#ie=ie-11\" target=\"_blank\" rel=\"noopener\">http:\/\/windows.microsoft.com\/sl-sl\/internet-explorer\/delete-manage-cookies#ie=ie-11<\/a><\/li>\n<\/ul>\n<h3>Stopite v stik z nami<\/h3>\n\u010ce imate vpra\u0161anja v zvezi z na\u0161im pravilnikom o pi\u0161kotkih, nam pi\u0161ite na e-naslov:\n<blockquote><strong>SISSA Medialab s.r.l.<\/strong>\n<a href=\"mailto:info@medialab.sissa.it\">info@medialab.sissa.it<\/a>\nVia Bonomea, 265\n34136 Trieste &#8211; Italy\nPhone +39 040 3787 620<\/blockquote>\n<em>Ta stran je bila nazadnje posodobljena 1. september 2025<\/em>.\t\t\t\t\t\t\t\t<\/div>\n\t\t\t\t<\/div>\n\t\t\t\t\t<\/div>\n\t\t<\/div>\n\t\t\t\t\t<\/div>\n\t\t<\/section>\n\t\t\t\t<\/div>\n\t\t","protected":false},"excerpt":{"rendered":"<p>TRIESTE EDUCATION CLUSTER POLITIKA PI\u0160KOTKOV Ta informativni izpisek opisuje politiko pi\u0161kotkov, ki se izvaja na tem spletnem mestu, in vsebuje podrobnosti o pi\u0161kotkih, ki jih spletno mesto uporablja. Te informacije se lahko s\u010dasoma spremenijo, najnovej\u0161a razli\u010dica pa je na voljo<\/p>\n","protected":false},"author":2,"featured_media":0,"parent":0,"menu_order":4,"comment_status":"closed","ping_status":"closed","template":"","meta":{"_acf_changed":false,"footnotes":""},"class_list":["post-4445","page","type-page","status-publish","hentry"],"acf":[],"_links":{"self":[{"href":"https:\/\/www.trieste-education.it\/sl\/wp-json\/wp\/v2\/pages\/4445","targetHints":{"allow":["GET"]}}],"collection":[{"href":"https:\/\/www.trieste-education.it\/sl\/wp-json\/wp\/v2\/pages"}],"about":[{"href":"https:\/\/www.trieste-education.it\/sl\/wp-json\/wp\/v2\/types\/page"}],"author":[{"embeddable":true,"href":"https:\/\/www.trieste-education.it\/sl\/wp-json\/wp\/v2\/users\/2"}],"replies":[{"embeddable":true,"href":"https:\/\/www.trieste-education.it\/sl\/wp-json\/wp\/v2\/comments?post=4445"}],"version-history":[{"count":10,"href":"https:\/\/www.trieste-education.it\/sl\/wp-json\/wp\/v2\/pages\/4445\/revisions"}],"predecessor-version":[{"id":6569,"href":"https:\/\/www.trieste-education.it\/sl\/wp-json\/wp\/v2\/pages\/4445\/revisions\/6569"}],"wp:attachment":[{"href":"https:\/\/www.trieste-education.it\/sl\/wp-json\/wp\/v2\/media?parent=4445"}],"curies":[{"name":"wp","href":"https:\/\/api.w.org\/{rel}","templated":true}]}}